{"id":3652,"date":"2024-07-24T21:06:44","date_gmt":"2024-07-24T21:06:44","guid":{"rendered":"https:\/\/parquesmagicos.com.co\/pruebas\/?post_type=product&#038;p=3652"},"modified":"2024-08-08T18:14:57","modified_gmt":"2024-08-08T18:14:57","slug":"barras-paralelas","status":"publish","type":"product","link":"https:\/\/parquesmagicos.com.co\/pruebas\/productos\/barras-paralelas\/","title":{"rendered":"Barras Paralelas"},"content":{"rendered":"<p>\u2022 Personalizaci\u00f3n del color: Elija entre una variedad de colores para que coincida con su estilo personal o la decoraci\u00f3n de su gimnasio.<br \/>\n\u2022 Hecho con orgullo en Colombia: Apoye las industrias locales con nuestras m\u00e1quinas biosaludables, elaboradas con orgullo en Colombia.<br \/>\n\u2022 Im\u00e1genes de referencia: Las im\u00e1genes publicadas son renders del producto, puede haber peque\u00f1as variaciones.<br \/>\n\u00bfNo ve lo que est\u00e1 buscando?<br \/>\n\u00a1Cont\u00e1ctenos hoy! Tenemos cualquier m\u00e1quina biosaludable para satisfacer sus necesidades espec\u00edficas de fitness.<\/p>\n","protected":false},"excerpt":{"rendered":"<p>Eleve la fuerza y la flexibilidad de la parte superior de su cuerpo con estas barras paralelas que se enfocan en sus extremidades superiores, hombros y pectorales, mientras que tambi\u00e9n involucra su core y m\u00fasculos de la espalda.<\/p>\n","protected":false},"featured_media":3641,"comment_status":"closed","ping_status":"closed","template":"","meta":[],"product_brand":[],"product_cat":[67],"product_tag":[],"class_list":{"0":"post-3652","1":"product","2":"type-product","3":"status-publish","4":"has-post-thumbnail","6":"product_cat-biosaludables","8":"first","9":"instock","10":"sold-individually","11":"shipping-taxable","12":"purchasable","13":"product-type-simple"},"_links":{"self":[{"href":"https:\/\/parquesmagicos.com.co\/pruebas\/wp-json\/wp\/v2\/product\/3652","targetHints":{"allow":["GET"]}}],"collection":[{"href":"https:\/\/parquesmagicos.com.co\/pruebas\/wp-json\/wp\/v2\/product"}],"about":[{"href":"https:\/\/parquesmagicos.com.co\/pruebas\/wp-json\/wp\/v2\/types\/product"}],"replies":[{"embeddable":true,"href":"https:\/\/parquesmagicos.com.co\/pruebas\/wp-json\/wp\/v2\/comments?post=3652"}],"wp:featuredmedia":[{"embeddable":true,"href":"https:\/\/parquesmagicos.com.co\/pruebas\/wp-json\/wp\/v2\/media\/3641"}],"wp:attachment":[{"href":"https:\/\/parquesmagicos.com.co\/pruebas\/wp-json\/wp\/v2\/media?parent=3652"}],"wp:term":[{"taxonomy":"product_brand","embeddable":true,"href":"https:\/\/parquesmagicos.com.co\/pruebas\/wp-json\/wp\/v2\/product_brand?post=3652"},{"taxonomy":"product_cat","embeddable":true,"href":"https:\/\/parquesmagicos.com.co\/pruebas\/wp-json\/wp\/v2\/product_cat?post=3652"},{"taxonomy":"product_tag","embeddable":true,"href":"https:\/\/parquesmagicos.com.co\/pruebas\/wp-json\/wp\/v2\/product_tag?post=3652"}],"curies":[{"name":"wp","href":"https:\/\/api.w.org\/{rel}","templated":true}]}}